{"id":602,"date":"2020-01-09T16:38:39","date_gmt":"2020-01-09T15:38:39","guid":{"rendered":"http:\/\/hub4manuval.es\/?page_id=602"},"modified":"2020-02-14T13:04:00","modified_gmt":"2020-02-14T12:04:00","slug":"members","status":"publish","type":"page","link":"https:\/\/hub4manuval.ai2.upv.es\/en\/members\/","title":{"rendered":"Members"},"content":{"rendered":"<p>[vc_row foundry_padding=&#8221;pb0&#8243; el_class=&#8221;fila-alineada&#8221;][vc_column width=&#8221;5\/6&#8243; offset=&#8221;vc_col-lg-offset-1 vc_col-md-offset-1&#8243;][vc_column_text]<\/p>\n<h1 style=\"text-align: center;\">Members<\/h1>\n<p>[\/vc_column_text][vc_column_text]Los promotores de\u00a0<strong>HUB4.0MANUVAL<\/strong>\u00a0disponen de capacidades complementarias para ayudar a las empresas manufactureras valencianas en su proceso de transformaci\u00f3n digital. La existencia de capacidades que aportan valor a lo largo de todo el proceso de transformaci\u00f3n digital permite al Hub operar bajo un esquema de ventanilla \u00fanica (<em>one-stop-shop<\/em>).<\/p>\n<p>En este sentido la relaci\u00f3n de socios es la siguiente:[\/vc_column_text][\/vc_column][\/vc_row][vc_row foundry_padding=&#8221;pt0&#8243;][vc_column width=&#8221;5\/6&#8243; offset=&#8221;vc_col-lg-offset-1 vc_col-md-offset-1&#8243;][vc_basic_grid post_type=&#8221;team&#8221; max_items=&#8221;18&#8243; show_filter=&#8221;yes&#8221; gap=&#8221;0&#8243; order=&#8221;ASC&#8221; filter_style=&#8221;bordered&#8221; filter_default_title=&#8221;All&#8221; item=&#8221;146&#8243; initial_loading_animation=&#8221;fadeInUp&#8221; grid_id=&#8221;vc_gid:1581681773578-474a7be9-c165-10&#8243; filter_source=&#8221;team_category&#8221;][\/vc_column][\/vc_row]<\/p>\n","protected":false},"excerpt":{"rendered":"<p>[vc_row foundry_padding=&#8221;pb0&#8243; el_class=&#8221;fila-alineada&#8221;][vc_column width=&#8221;5\/6&#8243; offset=&#8221;vc_col-lg-offset-1 vc_col-md-offset-1&#8243;][vc_column_text] Members [\/vc_column_text][vc_column_text]Los promotores de\u00a0HUB4.0MANUVAL\u00a0disponen de capacidades complementarias para ayudar a las empresas manufactureras valencianas en&#8230;<\/p>\n","protected":false},"author":1,"featured_media":0,"parent":0,"menu_order":0,"comment_status":"closed","ping_status":"closed","template":"","meta":{"footnotes":"","_links_to":"","_links_to_target":""},"class_list":["post-602","page","type-page","status-publish","hentry"],"yoast_head":"<!-- This site is optimized with the Yoast SEO plugin v27.2 - https:\/\/yoast.com\/product\/yoast-seo-wordpress\/ -->\n<title>Members - HUB4.0MANUVAL<\/title>\n<meta name=\"robots\" content=\"index, follow, max-snippet:-1, max-image-preview:large, max-video-preview:-1\" \/>\n<link rel=\"canonical\" href=\"https:\/\/hub4manuval.ai2.upv.es\/en\/members\/\" \/>\n<meta property=\"og:locale\" content=\"en_US\" \/>\n<meta property=\"og:type\" content=\"article\" \/>\n<meta property=\"og:title\" content=\"Members - HUB4.0MANUVAL\" \/>\n<meta property=\"og:description\" content=\"[vc_row foundry_padding=&#8221;pb0&#8243; el_class=&#8221;fila-alineada&#8221;][vc_column width=&#8221;5\/6&#8243; offset=&#8221;vc_col-lg-offset-1 vc_col-md-offset-1&#8243;][vc_column_text] Members [\/vc_column_text][vc_column_text]Los promotores de\u00a0HUB4.0MANUVAL\u00a0disponen de capacidades complementarias para ayudar a las empresas manufactureras valencianas en...\" \/>\n<meta property=\"og:url\" content=\"https:\/\/hub4manuval.ai2.upv.es\/en\/members\/\" \/>\n<meta property=\"og:site_name\" content=\"HUB4.0MANUVAL\" \/>\n<meta property=\"article:modified_time\" content=\"2020-02-14T12:04:00+00:00\" \/>\n<meta name=\"twitter:card\" content=\"summary_large_image\" \/>\n<meta name=\"twitter:label1\" content=\"Est. reading time\" \/>\n\t<meta name=\"twitter:data1\" content=\"1 minute\" \/>\n<script type=\"application\/ld+json\" class=\"yoast-schema-graph\">{\"@context\":\"https:\/\/schema.org\",\"@graph\":[{\"@type\":\"WebPage\",\"@id\":\"https:\/\/hub4manuval.ai2.upv.es\/en\/members\/\",\"url\":\"https:\/\/hub4manuval.ai2.upv.es\/en\/members\/\",\"name\":\"Members - HUB4.0MANUVAL\",\"isPartOf\":{\"@id\":\"https:\/\/hub4manuval.ai2.upv.es\/#website\"},\"datePublished\":\"2020-01-09T15:38:39+00:00\",\"dateModified\":\"2020-02-14T12:04:00+00:00\",\"breadcrumb\":{\"@id\":\"https:\/\/hub4manuval.ai2.upv.es\/en\/members\/#breadcrumb\"},\"inLanguage\":\"en-US\",\"potentialAction\":[{\"@type\":\"ReadAction\",\"target\":[\"https:\/\/hub4manuval.ai2.upv.es\/en\/members\/\"]}]},{\"@type\":\"BreadcrumbList\",\"@id\":\"https:\/\/hub4manuval.ai2.upv.es\/en\/members\/#breadcrumb\",\"itemListElement\":[{\"@type\":\"ListItem\",\"position\":1,\"name\":\"Portada\",\"item\":\"https:\/\/hub4manuval.ai2.upv.es\/en\/\"},{\"@type\":\"ListItem\",\"position\":2,\"name\":\"Members\"}]},{\"@type\":\"WebSite\",\"@id\":\"https:\/\/hub4manuval.ai2.upv.es\/#website\",\"url\":\"https:\/\/hub4manuval.ai2.upv.es\/\",\"name\":\"HUB4.0MANUVAL\",\"description\":\"\",\"potentialAction\":[{\"@type\":\"SearchAction\",\"target\":{\"@type\":\"EntryPoint\",\"urlTemplate\":\"https:\/\/hub4manuval.ai2.upv.es\/?s={search_term_string}\"},\"query-input\":{\"@type\":\"PropertyValueSpecification\",\"valueRequired\":true,\"valueName\":\"search_term_string\"}}],\"inLanguage\":\"en-US\"}]}<\/script>\n<!-- \/ Yoast SEO plugin. -->","yoast_head_json":{"title":"Members - HUB4.0MANUVAL","robots":{"index":"index","follow":"follow","max-snippet":"max-snippet:-1","max-image-preview":"max-image-preview:large","max-video-preview":"max-video-preview:-1"},"canonical":"https:\/\/hub4manuval.ai2.upv.es\/en\/members\/","og_locale":"en_US","og_type":"article","og_title":"Members - HUB4.0MANUVAL","og_description":"[vc_row foundry_padding=&#8221;pb0&#8243; el_class=&#8221;fila-alineada&#8221;][vc_column width=&#8221;5\/6&#8243; offset=&#8221;vc_col-lg-offset-1 vc_col-md-offset-1&#8243;][vc_column_text] Members [\/vc_column_text][vc_column_text]Los promotores de\u00a0HUB4.0MANUVAL\u00a0disponen de capacidades complementarias para ayudar a las empresas manufactureras valencianas en...","og_url":"https:\/\/hub4manuval.ai2.upv.es\/en\/members\/","og_site_name":"HUB4.0MANUVAL","article_modified_time":"2020-02-14T12:04:00+00:00","twitter_card":"summary_large_image","twitter_misc":{"Est. reading time":"1 minute"},"schema":{"@context":"https:\/\/schema.org","@graph":[{"@type":"WebPage","@id":"https:\/\/hub4manuval.ai2.upv.es\/en\/members\/","url":"https:\/\/hub4manuval.ai2.upv.es\/en\/members\/","name":"Members - HUB4.0MANUVAL","isPartOf":{"@id":"https:\/\/hub4manuval.ai2.upv.es\/#website"},"datePublished":"2020-01-09T15:38:39+00:00","dateModified":"2020-02-14T12:04:00+00:00","breadcrumb":{"@id":"https:\/\/hub4manuval.ai2.upv.es\/en\/members\/#breadcrumb"},"inLanguage":"en-US","potentialAction":[{"@type":"ReadAction","target":["https:\/\/hub4manuval.ai2.upv.es\/en\/members\/"]}]},{"@type":"BreadcrumbList","@id":"https:\/\/hub4manuval.ai2.upv.es\/en\/members\/#breadcrumb","itemListElement":[{"@type":"ListItem","position":1,"name":"Portada","item":"https:\/\/hub4manuval.ai2.upv.es\/en\/"},{"@type":"ListItem","position":2,"name":"Members"}]},{"@type":"WebSite","@id":"https:\/\/hub4manuval.ai2.upv.es\/#website","url":"https:\/\/hub4manuval.ai2.upv.es\/","name":"HUB4.0MANUVAL","description":"","potentialAction":[{"@type":"SearchAction","target":{"@type":"EntryPoint","urlTemplate":"https:\/\/hub4manuval.ai2.upv.es\/?s={search_term_string}"},"query-input":{"@type":"PropertyValueSpecification","valueRequired":true,"valueName":"search_term_string"}}],"inLanguage":"en-US"}]}},"_links":{"self":[{"href":"https:\/\/hub4manuval.ai2.upv.es\/en\/wp-json\/wp\/v2\/pages\/602","targetHints":{"allow":["GET"]}}],"collection":[{"href":"https:\/\/hub4manuval.ai2.upv.es\/en\/wp-json\/wp\/v2\/pages"}],"about":[{"href":"https:\/\/hub4manuval.ai2.upv.es\/en\/wp-json\/wp\/v2\/types\/page"}],"author":[{"embeddable":true,"href":"https:\/\/hub4manuval.ai2.upv.es\/en\/wp-json\/wp\/v2\/users\/1"}],"replies":[{"embeddable":true,"href":"https:\/\/hub4manuval.ai2.upv.es\/en\/wp-json\/wp\/v2\/comments?post=602"}],"version-history":[{"count":10,"href":"https:\/\/hub4manuval.ai2.upv.es\/en\/wp-json\/wp\/v2\/pages\/602\/revisions"}],"predecessor-version":[{"id":758,"href":"https:\/\/hub4manuval.ai2.upv.es\/en\/wp-json\/wp\/v2\/pages\/602\/revisions\/758"}],"wp:attachment":[{"href":"https:\/\/hub4manuval.ai2.upv.es\/en\/wp-json\/wp\/v2\/media?parent=602"}],"curies":[{"name":"wp","href":"https:\/\/api.w.org\/{rel}","templated":true}]}}