{"id":606,"date":"2020-01-09T16:40:30","date_gmt":"2020-01-09T15:40:30","guid":{"rendered":"http:\/\/hub4manuval.es\/?page_id=606"},"modified":"2020-01-16T13:57:16","modified_gmt":"2020-01-16T12:57:16","slug":"about-hub","status":"publish","type":"page","link":"https:\/\/hub4manuval.ai2.upv.es\/en\/about-hub\/","title":{"rendered":"About the HUB"},"content":{"rendered":"<p>[vc_row el_class=&#8221;fila-alineada&#8221;][vc_column width=&#8221;1\/2&#8243; offset=&#8221;vc_col-lg-offset-1 vc_col-lg-5 vc_col-md-offset-1 vc_col-md-5 vc_col-xs-12&#8243; el_class=&#8221;col-sm-6&#8243;][vc_column_text]<\/p>\n<h1 style=\"text-align: center;\">HUB4.0MANUVAL<\/h1>\n<p>The Hub 4.0 for Manufacturing Technologies in the Valencian Community, <strong>HUB4.0MANUVAL<\/strong>, was an initiative within the <a href=\"https:\/\/i4ms.eu\/\" target=\"_blank\" rel=\"noopener noreferrer\">framework of I4MS<\/a>, created in 2017. It was founded by a group of public and private entities with diverse capabilities in the field of Artificial Intelligence and manufacturing technologies applied to industry.<\/p>\n<p>The Hub is a meeting place where large companies, SMEs and other entities can find resources to create new technological capabilities, management and financing to promote the digitalization and automation of Valencian manufacturing companies.[\/vc_column_text][\/vc_column][vc_column width=&#8221;1\/2&#8243; offset=&#8221;vc_col-lg-5 vc_col-md-5 vc_col-xs-12&#8243; el_class=&#8221;col-sm-6&#8243;][vc_single_image image=&#8221;23&#8243; img_size=&#8221;full&#8221; alignment=&#8221;center&#8221;][\/vc_column][\/vc_row][vc_row foundry_background_style=&#8221;bg-primary&#8221; foundry_padding=&#8221;pt64 pb64&#8243; el_class=&#8221;inclination-up&#8221;][vc_column width=&#8221;5\/12&#8243; offset=&#8221;vc_col-lg-offset-1 vc_col-md-offset-1&#8243; el_class=&#8221;caja-info&#8221;][vc_single_image image=&#8221;29&#8243; img_size=&#8221;&#8221; alignment=&#8221;center&#8221; el_class=&#8221;ico-valores&#8221;][vc_column_text]<\/p>\n<h2 style=\"text-align: center;\">Mission<\/h2>\n<p>Bringing the technologies of the digital transformation to manufacturing companies, generating new business models and increasing the global competitiveness of the manufacturing activities carried out in the Valencian Community.[\/vc_column_text][\/vc_column][vc_column width=&#8221;5\/12&#8243; el_class=&#8221;caja-info&#8221;][vc_single_image image=&#8221;30&#8243; img_size=&#8221;&#8221; alignment=&#8221;center&#8221; el_class=&#8221;ico-valores&#8221;][vc_column_text]<\/p>\n<h2 style=\"text-align: center;\">Vision<\/h2>\n<p>Configure<strong> HUB4.0MANUVAL<\/strong> as a network centre of services distributed among its partners, that helps Valencian manufacturing companies in the process of identifying and obtaining the technical, human and financial resources needed to address the digital transformation processes that enable them to adapt to market challenges and strengthen their competitive position.[\/vc_column_text][\/vc_column][\/vc_row][vc_row foundry_background_style=&#8221;bg-primary&#8221; foundry_padding=&#8221;pt0 pb0&#8243;][vc_column width=&#8221;5\/6&#8243; offset=&#8221;vc_col-lg-offset-1 vc_col-md-offset-1&#8243;][vc_column_text]<\/p>\n<h2 style=\"text-align: center;\">Strategic goals<\/h2>\n<p>[\/vc_column_text][vc_column_text el_class=&#8221;hidden&#8221;]Para avanzar en la materializaci\u00f3n de la misi\u00f3n y visi\u00f3n del HUB4.0MANUVAL se formulan una serie de objetivos estrat\u00e9gicos que inciden en varios \u00e1mbitos:[\/vc_column_text][\/vc_column][\/vc_row][vc_row equal_height=&#8221;yes&#8221; foundry_background_style=&#8221;bg-primary&#8221; foundry_padding=&#8221;pt0&#8243; el_class=&#8221;inclination-down&#8221;][vc_column width=&#8221;1\/4&#8243; el_class=&#8221;caja-info objetivos col-sm-6&#8243;][vc_single_image image=&#8221;39&#8243; img_size=&#8221;&#8221; alignment=&#8221;center&#8221; el_class=&#8221;ico&#8221;][vc_column_text]<\/p>\n<h4 style=\"text-align: center;\">Comunity<\/h4>\n<p>Encourage networking actions that consolidate the regional innovation ecosystem while establishing relationships with other DIH with which there are synergies and complementarities[\/vc_column_text][\/vc_column][vc_column width=&#8221;1\/4&#8243; el_class=&#8221;caja-info objetivos col-sm-6&#8243;][vc_single_image image=&#8221;40&#8243; img_size=&#8221;&#8221; alignment=&#8221;center&#8221; el_class=&#8221;ico&#8221;][vc_column_text]<\/p>\n<h4 style=\"text-align: center;\">Development<\/h4>\n<p>To foster collaborative projects based on open innovation strategies involving Valencian manufacturing companies, together with other key agents in the regional innovation system.[\/vc_column_text][\/vc_column][vc_column width=&#8221;1\/4&#8243; el_class=&#8221;caja-info objetivos col-sm-6&#8243;][vc_single_image image=&#8221;38&#8243; img_size=&#8221;&#8221; alignment=&#8221;center&#8221; el_class=&#8221;ico&#8221;][vc_column_text]<\/p>\n<h4 style=\"text-align: center;\">Competitiveness<\/h4>\n<p>Strengthen the competitive position of the Valencian industry and provide it with highly qualified technical and human resources necessary for the development of technological skills related to robotics, cyber-physical systems (CPS)\/IoT, artificial intelligence, and high performance computing systems (HPC).[\/vc_column_text][\/vc_column][vc_column width=&#8221;1\/4&#8243; el_class=&#8221;caja-info objetivos col-sm-6&#8243;][vc_single_image image=&#8221;41&#8243; img_size=&#8221;&#8221; alignment=&#8221;center&#8221; el_class=&#8221;ico&#8221;][vc_column_text]<\/p>\n<h4 style=\"text-align: center;\">Training and skills<\/h4>\n<p>Improve the technical training and skills development of human resources employed in the manufacturing sector, as a way of taking advantage of the opportunities provided by digitalization y automatization.[\/vc_column_text][\/vc_column][\/vc_row][vc_row foundry_padding=&#8221;pt64 pb64&#8243; el_id=&#8221;specialisation&#8221;][vc_column width=&#8221;5\/6&#8243; offset=&#8221;vc_col-lg-offset-1 vc_col-md-offset-1&#8243;][vc_column_text]<\/p>\n<h2 style=\"text-align: center;\">Technological specialisation<\/h2>\n<p>[\/vc_column_text][vc_column_text el_class=&#8221;hidden&#8221;]<strong>HUB4.0MANUVAL<\/strong> se ha focalizado en la implementaci\u00f3n de servicios basados en la utilizaci\u00f3n de varias competencias tecnol\u00f3gicas, que resultan claves para definir los par\u00e1metros futuros de competitividad de los sectores manufactureros:[\/vc_column_text][vc_tta_accordion style=&#8221;modern&#8221; c_icon=&#8221;&#8221; active_section=&#8221;9999&#8243; collapsible_all=&#8221;true&#8221; el_class=&#8221;hub-acordeons&#8221;][vc_tta_section title=&#8221;Artificial Intelligence&#8221; tab_id=&#8221;artificial-intelligence&#8221;][vc_column_text]Recently the explosion of Big Data has driven the development of artificial intelligence in many productive environments apply on the improved calculation algorithms and\u00a0 the ability to store data on remote servers. Particularly in the manufacturing context, artificial intelligence gives value to the information collected and provides a possibility of flexibility and productivity, helping to provide a response to the challenges posed by the demand for mass customization in industry.[\/vc_column_text][\/vc_tta_section][vc_tta_section title=&#8221;Industrial robotics&#8221; tab_id=&#8221;industrial-robotics&#8221;][vc_column_text]The use of industrial robotic solutions allows to improve the efficiency of production and logistic processes, optimizing operations, reducing time and costs, and increasing production reliability. Manufacturing robots are linked to repetitive tasks, increasing quality and maximum efficiency in material and energy resources. All these efforts are focused on promoting the productivity of workers and operations, to enhance the global competitiveness of the company.[\/vc_column_text][\/vc_tta_section][vc_tta_section title=&#8221;Cybernetic Physical Systems (CPS) and the Internet of Things (IoT)&#8221; tab_id=&#8221;cyber-systems&#8221;][vc_column_text]Cybernetic Physical Systems (CPS) are the integration of computing, networks and physical processes, and the Internet of Things consists of connecting &#8220;Things&#8221;, which can be objects and machines to the Internet. Both relate to the integration of digital capabilities, including network connectivity and computing capacity, with physical devices and systems in the case of industry with productive assets. While CPS integrate computing, storage and communication capabilities that can control and interact with a physical process.\u00a0 The IoT is considered a subset of the CPS, both are typically connected to each other and also to remote data storage and management services. CPS systems are integrated by sensors with connectivity and by devices linked to the IoT that are capable of generate data to optimize production processes.[\/vc_column_text][\/vc_tta_section][vc_tta_section title=&#8221;High Performance Computing (HPC)&#8221; tab_id=&#8221;high-computing&#8221;][vc_column_text]High Performance Computing refers to the practice of providing a higher performance analysis to a wider range of data. This type of computing allows complex problems to be analyzed from a scientific, engineering, or business approach, using applications that require high bandwidth, advanced networking and very demanding calculation or data analysis capabilities. The use of HPC has become particularly important with the introduction of multi-core processors, cloud computing or so-called Big Data.[\/vc_column_text][\/vc_tta_section][\/vc_tta_accordion][\/vc_column][\/vc_row][vc_row foundry_background_style=&#8221;bg-primary&#8221; foundry_padding=&#8221;pb0&#8243; el_id=&#8221;iniciativas&#8221; el_class=&#8221;inclination-up&#8221;][vc_column width=&#8221;5\/6&#8243; offset=&#8221;vc_col-lg-offset-1 vc_col-md-offset-1&#8243;][vc_column_text]<\/p>\n<h2 style=\"text-align: center;\">Connection with regional initiatives<\/h2>\n<p>The activities promoted by <strong>HUB4.0MANUVAL<\/strong> are fully aligned to key regional strategies in support of innovation, digital transformation and the strengthening of the industrial sector.<\/p>\n<p>Among the main strategic references that give direction to the Hub&#8217;s activity, the most relevant are the following:[\/vc_column_text][\/vc_column][\/vc_row][vc_row foundry_background_style=&#8221;bg-primary&#8221; foundry_padding=&#8221;pt0&#8243; el_class=&#8221;inclination-down&#8221;][vc_column offset=&#8221;vc_col-md-offset-0&#8243; el_class=&#8221;caja-info iniciativas col-md-12&#8243;][vc_column_text]<\/p>\n<h3 style=\"text-align: center;\">RIS3-CV<\/h3>\n<h5 style=\"text-align: center;\">Intelligent Specialization Strategy for Research and Innovation in the Valencian Community<\/h5>\n<p><strong>The Intelligent Specialisation Strategy in Research and Innovation<\/strong> is committed to the productive and business focus of the Valencian Community, in areas that are potentially competitive and generate development within a global context.<\/p>\n<p>The axes around which the RIS3 Strategy of the Valencian Community is articulated include Advanced Manufacturing Processes (Axis 3). The objectives contemplated in Axis 3 are fully consistent with the activities promoted by <strong>HUB4.0MANUVAL<\/strong>.[\/vc_column_text][vc_column_text]<\/p>\n<p style=\"text-align: center;\"><a class=\"btn\" href=\"http:\/\/www.ris3cv.gva.es\/en\/que-es-ris3\" target=\"_blank\" rel=\"noopener noreferrer\">more info<\/a><\/p>\n<p>[\/vc_column_text][\/vc_column][\/vc_row][vc_row][vc_column][vc_empty_space][\/vc_column][\/vc_row]<\/p>\n","protected":false},"excerpt":{"rendered":"<p>[vc_row el_class=&#8221;fila-alineada&#8221;][vc_column width=&#8221;1\/2&#8243; offset=&#8221;vc_col-lg-offset-1 vc_col-lg-5 vc_col-md-offset-1 vc_col-md-5 vc_col-xs-12&#8243; el_class=&#8221;col-sm-6&#8243;][vc_column_text] HUB4.0MANUVAL The Hub 4.0 for Manufacturing Technologies in the Valencian Community, HUB4.0MANUVAL,&#8230;<\/p>\n","protected":false},"author":1,"featured_media":0,"parent":0,"menu_order":0,"comment_status":"closed","ping_status":"closed","template":"","meta":{"footnotes":"","_links_to":"","_links_to_target":""},"class_list":["post-606","page","type-page","status-publish","hentry"],"yoast_head":"<!-- This site is optimized with the Yoast SEO plugin v27.2 - https:\/\/yoast.com\/product\/yoast-seo-wordpress\/ -->\n<title>About the HUB - HUB4.0MANUVAL<\/title>\n<meta name=\"description\" content=\"HUB4.0MANUVAL Manufacturing Technologies in the Valencian Community, was an initiative within the framework of I4MS.It was founded by a group of public and private entities with diverse capabilities in the field of Artificial Intelligence and manufacturing technologies applied to industry.\" \/>\n<meta name=\"robots\" content=\"index, follow, max-snippet:-1, max-image-preview:large, max-video-preview:-1\" \/>\n<link rel=\"canonical\" href=\"https:\/\/hub4manuval.ai2.upv.es\/en\/about-hub\/\" \/>\n<meta property=\"og:locale\" content=\"en_US\" \/>\n<meta property=\"og:type\" content=\"article\" \/>\n<meta property=\"og:title\" content=\"About the HUB - HUB4.0MANUVAL\" \/>\n<meta property=\"og:description\" content=\"HUB4.0MANUVAL Manufacturing Technologies in the Valencian Community, was an initiative within the framework of I4MS.It was founded by a group of public and private entities with diverse capabilities in the field of Artificial Intelligence and manufacturing technologies applied to industry.\" \/>\n<meta property=\"og:url\" content=\"https:\/\/hub4manuval.ai2.upv.es\/en\/about-hub\/\" \/>\n<meta property=\"og:site_name\" content=\"HUB4.0MANUVAL\" \/>\n<meta property=\"article:modified_time\" content=\"2020-01-16T12:57:16+00:00\" \/>\n<meta name=\"twitter:card\" content=\"summary_large_image\" \/>\n<meta name=\"twitter:label1\" content=\"Est. reading time\" \/>\n\t<meta name=\"twitter:data1\" content=\"7 minutes\" \/>\n<script type=\"application\/ld+json\" class=\"yoast-schema-graph\">{\"@context\":\"https:\/\/schema.org\",\"@graph\":[{\"@type\":\"WebPage\",\"@id\":\"https:\/\/hub4manuval.ai2.upv.es\/en\/about-hub\/\",\"url\":\"https:\/\/hub4manuval.ai2.upv.es\/en\/about-hub\/\",\"name\":\"About the HUB - HUB4.0MANUVAL\",\"isPartOf\":{\"@id\":\"https:\/\/hub4manuval.ai2.upv.es\/#website\"},\"datePublished\":\"2020-01-09T15:40:30+00:00\",\"dateModified\":\"2020-01-16T12:57:16+00:00\",\"description\":\"HUB4.0MANUVAL Manufacturing Technologies in the Valencian Community, was an initiative within the framework of I4MS.It was founded by a group of public and private entities with diverse capabilities in the field of Artificial Intelligence and manufacturing technologies applied to industry.\",\"breadcrumb\":{\"@id\":\"https:\/\/hub4manuval.ai2.upv.es\/en\/about-hub\/#breadcrumb\"},\"inLanguage\":\"en-US\",\"potentialAction\":[{\"@type\":\"ReadAction\",\"target\":[\"https:\/\/hub4manuval.ai2.upv.es\/en\/about-hub\/\"]}]},{\"@type\":\"BreadcrumbList\",\"@id\":\"https:\/\/hub4manuval.ai2.upv.es\/en\/about-hub\/#breadcrumb\",\"itemListElement\":[{\"@type\":\"ListItem\",\"position\":1,\"name\":\"Portada\",\"item\":\"https:\/\/hub4manuval.ai2.upv.es\/en\/\"},{\"@type\":\"ListItem\",\"position\":2,\"name\":\"About the HUB\"}]},{\"@type\":\"WebSite\",\"@id\":\"https:\/\/hub4manuval.ai2.upv.es\/#website\",\"url\":\"https:\/\/hub4manuval.ai2.upv.es\/\",\"name\":\"HUB4.0MANUVAL\",\"description\":\"\",\"potentialAction\":[{\"@type\":\"SearchAction\",\"target\":{\"@type\":\"EntryPoint\",\"urlTemplate\":\"https:\/\/hub4manuval.ai2.upv.es\/?s={search_term_string}\"},\"query-input\":{\"@type\":\"PropertyValueSpecification\",\"valueRequired\":true,\"valueName\":\"search_term_string\"}}],\"inLanguage\":\"en-US\"}]}<\/script>\n<!-- \/ Yoast SEO plugin. -->","yoast_head_json":{"title":"About the HUB - HUB4.0MANUVAL","description":"HUB4.0MANUVAL Manufacturing Technologies in the Valencian Community, was an initiative within the framework of I4MS.It was founded by a group of public and private entities with diverse capabilities in the field of Artificial Intelligence and manufacturing technologies applied to industry.","robots":{"index":"index","follow":"follow","max-snippet":"max-snippet:-1","max-image-preview":"max-image-preview:large","max-video-preview":"max-video-preview:-1"},"canonical":"https:\/\/hub4manuval.ai2.upv.es\/en\/about-hub\/","og_locale":"en_US","og_type":"article","og_title":"About the HUB - HUB4.0MANUVAL","og_description":"HUB4.0MANUVAL Manufacturing Technologies in the Valencian Community, was an initiative within the framework of I4MS.It was founded by a group of public and private entities with diverse capabilities in the field of Artificial Intelligence and manufacturing technologies applied to industry.","og_url":"https:\/\/hub4manuval.ai2.upv.es\/en\/about-hub\/","og_site_name":"HUB4.0MANUVAL","article_modified_time":"2020-01-16T12:57:16+00:00","twitter_card":"summary_large_image","twitter_misc":{"Est. reading time":"7 minutes"},"schema":{"@context":"https:\/\/schema.org","@graph":[{"@type":"WebPage","@id":"https:\/\/hub4manuval.ai2.upv.es\/en\/about-hub\/","url":"https:\/\/hub4manuval.ai2.upv.es\/en\/about-hub\/","name":"About the HUB - HUB4.0MANUVAL","isPartOf":{"@id":"https:\/\/hub4manuval.ai2.upv.es\/#website"},"datePublished":"2020-01-09T15:40:30+00:00","dateModified":"2020-01-16T12:57:16+00:00","description":"HUB4.0MANUVAL Manufacturing Technologies in the Valencian Community, was an initiative within the framework of I4MS.It was founded by a group of public and private entities with diverse capabilities in the field of Artificial Intelligence and manufacturing technologies applied to industry.","breadcrumb":{"@id":"https:\/\/hub4manuval.ai2.upv.es\/en\/about-hub\/#breadcrumb"},"inLanguage":"en-US","potentialAction":[{"@type":"ReadAction","target":["https:\/\/hub4manuval.ai2.upv.es\/en\/about-hub\/"]}]},{"@type":"BreadcrumbList","@id":"https:\/\/hub4manuval.ai2.upv.es\/en\/about-hub\/#breadcrumb","itemListElement":[{"@type":"ListItem","position":1,"name":"Portada","item":"https:\/\/hub4manuval.ai2.upv.es\/en\/"},{"@type":"ListItem","position":2,"name":"About the HUB"}]},{"@type":"WebSite","@id":"https:\/\/hub4manuval.ai2.upv.es\/#website","url":"https:\/\/hub4manuval.ai2.upv.es\/","name":"HUB4.0MANUVAL","description":"","potentialAction":[{"@type":"SearchAction","target":{"@type":"EntryPoint","urlTemplate":"https:\/\/hub4manuval.ai2.upv.es\/?s={search_term_string}"},"query-input":{"@type":"PropertyValueSpecification","valueRequired":true,"valueName":"search_term_string"}}],"inLanguage":"en-US"}]}},"_links":{"self":[{"href":"https:\/\/hub4manuval.ai2.upv.es\/en\/wp-json\/wp\/v2\/pages\/606","targetHints":{"allow":["GET"]}}],"collection":[{"href":"https:\/\/hub4manuval.ai2.upv.es\/en\/wp-json\/wp\/v2\/pages"}],"about":[{"href":"https:\/\/hub4manuval.ai2.upv.es\/en\/wp-json\/wp\/v2\/types\/page"}],"author":[{"embeddable":true,"href":"https:\/\/hub4manuval.ai2.upv.es\/en\/wp-json\/wp\/v2\/users\/1"}],"replies":[{"embeddable":true,"href":"https:\/\/hub4manuval.ai2.upv.es\/en\/wp-json\/wp\/v2\/comments?post=606"}],"version-history":[{"count":6,"href":"https:\/\/hub4manuval.ai2.upv.es\/en\/wp-json\/wp\/v2\/pages\/606\/revisions"}],"predecessor-version":[{"id":655,"href":"https:\/\/hub4manuval.ai2.upv.es\/en\/wp-json\/wp\/v2\/pages\/606\/revisions\/655"}],"wp:attachment":[{"href":"https:\/\/hub4manuval.ai2.upv.es\/en\/wp-json\/wp\/v2\/media?parent=606"}],"curies":[{"name":"wp","href":"https:\/\/api.w.org\/{rel}","templated":true}]}}